{"id":118,"date":"2020-07-30T19:04:34","date_gmt":"2020-07-30T17:04:34","guid":{"rendered":"http:\/\/geofocus-expert.fr\/?page_id=118"},"modified":"2020-07-30T19:32:08","modified_gmt":"2020-07-30T17:32:08","slug":"ils-nous-font-confiance","status":"publish","type":"page","link":"https:\/\/geofocus-expert.fr\/index.php\/ils-nous-font-confiance\/","title":{"rendered":"Ils nous font confiance"},"content":{"rendered":"\t\t<div data-elementor-type=\"wp-page\" data-elementor-id=\"118\" class=\"elementor elementor-118\" data-elementor-settings=\"[]\">\n\t\t\t\t\t\t<div class=\"elementor-inner\">\n\t\t\t\t\t\t\t<div class=\"elementor-section-wrap\">\n\t\t\t\t\t\t\t<section class=\"elementor-section elementor-top-section elementor-element elementor-element-d56e5fe elementor-section-boxed elementor-section-height-default elementor-section-height-default\" data-id=\"d56e5fe\" data-element_type=\"section\">\n\t\t\t\t\t\t<div class=\"elementor-container elementor-column-gap-default\">\n\t\t\t\t\t\t\t<div class=\"elementor-row\">\n\t\t\t\t\t<div class=\"elementor-column elementor-col-100 elementor-top-column elementor-element elementor-element-4565c9c\" data-id=\"4565c9c\" data-element_type=\"column\">\n\t\t\t<div class=\"elementor-column-wrap elementor-element-populated\">\n\t\t\t\t\t\t\t<div class=\"elementor-widget-wrap\">\n\t\t\t\t\t\t<div class=\"elementor-element elementor-element-89217c0 elementor-widget elementor-widget-heading\" data-id=\"89217c0\" data-element_type=\"widget\" data-widget_type=\"heading.default\">\n\t\t\t\t<div class=\"elementor-widget-container\">\n\t\t\t<h1 class=\"elementor-heading-title elementor-size-default\">Ils nous font confiance<\/h1>\t\t<\/div>\n\t\t\t\t<\/div>\n\t\t\t\t<div class=\"elementor-element elementor-element-62ecc2f elementor-widget elementor-widget-spacer\" data-id=\"62ecc2f\" data-element_type=\"widget\" data-widget_type=\"spacer.default\">\n\t\t\t\t<div class=\"elementor-widget-container\">\n\t\t\t\t\t<div class=\"elementor-spacer\">\n\t\t\t<div class=\"elementor-spacer-inner\"><\/div>\n\t\t<\/div>\n\t\t\t\t<\/div>\n\t\t\t\t<\/div>\n\t\t\t\t\t\t<\/div>\n\t\t\t\t\t<\/div>\n\t\t<\/div>\n\t\t\t\t\t\t\t\t<\/div>\n\t\t\t\t\t<\/div>\n\t\t<\/section>\n\t\t\t\t<section class=\"elementor-section elementor-top-section elementor-element elementor-element-14cade7 elementor-section-stretched elementor-section-boxed elementor-section-height-default elementor-section-height-default\" data-id=\"14cade7\" data-element_type=\"section\" data-settings=\"{&quot;stretch_section&quot;:&quot;section-stretched&quot;,&quot;background_background&quot;:&quot;classic&quot;}\">\n\t\t\t\t\t\t<div class=\"elementor-container elementor-column-gap-default\">\n\t\t\t\t\t\t\t<div class=\"elementor-row\">\n\t\t\t\t\t<div class=\"elementor-column elementor-col-100 elementor-top-column elementor-element elementor-element-30bd3f5\" data-id=\"30bd3f5\" data-element_type=\"column\">\n\t\t\t<div class=\"elementor-column-wrap elementor-element-populated\">\n\t\t\t\t\t\t\t<div class=\"elementor-widget-wrap\">\n\t\t\t\t\t\t<div class=\"elementor-element elementor-element-aa543c7 elementor-arrows-position-inside elementor-pagination-position-outside elementor-widget elementor-widget-image-carousel\" data-id=\"aa543c7\" data-element_type=\"widget\" data-settings=\"{&quot;slides_to_show&quot;:&quot;5&quot;,&quot;slides_to_scroll&quot;:&quot;1&quot;,&quot;navigation&quot;:&quot;both&quot;,&quot;autoplay&quot;:&quot;yes&quot;,&quot;pause_on_hover&quot;:&quot;yes&quot;,&quot;pause_on_interaction&quot;:&quot;yes&quot;,&quot;autoplay_speed&quot;:5000,&quot;infinite&quot;:&quot;yes&quot;,&quot;speed&quot;:500}\" data-widget_type=\"image-carousel.default\">\n\t\t\t\t<div class=\"elementor-widget-container\">\n\t\t\t\t\t<div class=\"elementor-image-carousel-wrapper swiper-container\" dir=\"ltr\">\n\t\t\t<div class=\"elementor-image-carousel swiper-wrapper\">\n\t\t\t\t<div class=\"swiper-slide\"><figure class=\"swiper-slide-inner\"><img class=\"swiper-slide-image\" src=\"https:\/\/geofocus-expert.fr\/wp-content\/uploads\/elementor\/thumbs\/AED-ot8eb82x4mjj7d4hexcrz9j55rf3ug3fqc96zlqby8.jpg\" alt=\"AED\" \/><\/figure><\/div><div class=\"swiper-slide\"><figure class=\"swiper-slide-inner\"><img class=\"swiper-slide-image\" src=\"https:\/\/geofocus-expert.fr\/wp-content\/uploads\/elementor\/thumbs\/ASREC-ot8ebbu9vyoohsz0syza98kzjawkp8id2uv4wpkr9c.png\" alt=\"ASREC\" \/><\/figure><\/div><div class=\"swiper-slide\"><figure class=\"swiper-slide-inner\"><img class=\"swiper-slide-image\" src=\"https:\/\/geofocus-expert.fr\/wp-content\/uploads\/elementor\/thumbs\/AXIANS-ot8ebbu9vyoohsz0syza98kzjawkp8id2uv4wpkr9c.png\" alt=\"AXIANS\" \/><\/figure><\/div><div class=\"swiper-slide\"><figure class=\"swiper-slide-inner\"><img class=\"swiper-slide-image\" src=\"https:\/\/geofocus-expert.fr\/wp-content\/uploads\/elementor\/thumbs\/CFA-EC-BHZ-ot8ebcs42spytexnnhdwtqcg4orxwxm3ezimdzjd34.png\" alt=\"CFA-EC-BHZ\" \/><\/figure><\/div><div class=\"swiper-slide\"><figure class=\"swiper-slide-inner\"><img class=\"swiper-slide-image\" src=\"https:\/\/geofocus-expert.fr\/wp-content\/uploads\/elementor\/thumbs\/CREC-ot8ebdpy9mr950wahzsje83wq2nb4mptr463v9hyww.png\" alt=\"CREC\" \/><\/figure><\/div><div class=\"swiper-slide\"><figure class=\"swiper-slide-inner\"><img class=\"swiper-slide-image\" src=\"https:\/\/geofocus-expert.fr\/wp-content\/uploads\/elementor\/thumbs\/Imerys-ot8ebjczemyz2oo3l28at6ooadvietc7rw30qx9lvk.png\" alt=\"Imerys\" \/><\/figure><\/div><div class=\"swiper-slide\"><figure class=\"swiper-slide-inner\"><img class=\"swiper-slide-image\" src=\"https:\/\/geofocus-expert.fr\/wp-content\/uploads\/elementor\/thumbs\/La-Roche-Posay-ot8ebo26ct5eoqh9tm9fnnhz9b8chauvgjcg5b2n0g.png\" alt=\"La-Roche-Posay\" \/><\/figure><\/div><div class=\"swiper-slide\"><figure class=\"swiper-slide-inner\"><img class=\"swiper-slide-image\" src=\"https:\/\/geofocus-expert.fr\/wp-content\/uploads\/elementor\/thumbs\/Lasalle-ot8ebp00jn6p0cfwo4o2859fup3pozylsnzxml18u8.png\" alt=\"Lasalle\" \/><\/figure><\/div><div class=\"swiper-slide\"><figure class=\"swiper-slide-inner\"><img class=\"swiper-slide-image\" src=\"https:\/\/geofocus-expert.fr\/wp-content\/uploads\/elementor\/thumbs\/Les-scouts-belges-ot8ebp00jn6p0cfwo4o2859fup3pozylsnzxml18u8.png\" alt=\"Les-scouts-belges\" \/><\/figure><\/div><div class=\"swiper-slide\"><figure class=\"swiper-slide-inner\"><img class=\"swiper-slide-image\" src=\"https:\/\/geofocus-expert.fr\/wp-content\/uploads\/elementor\/thumbs\/Log_Sogea_Est-ot8ebqvoxb99nkd6d5hbd4sd1gug4e62gxawl4yghs.jpg\" alt=\"Log_Sogea_Est\" \/><\/figure><\/div><div class=\"swiper-slide\"><figure class=\"swiper-slide-inner\"><img class=\"swiper-slide-image\" src=\"https:\/\/geofocus-expert.fr\/wp-content\/uploads\/elementor\/thumbs\/DDEC60-ot8ebflmnatts8tk70lsj7mtwue1k0xafdh2ttf6kg.png\" alt=\"DDEC60\" \/><\/figure><\/div><div class=\"swiper-slide\"><figure class=\"swiper-slide-inner\"><img class=\"swiper-slide-image\" src=\"https:\/\/geofocus-expert.fr\/wp-content\/uploads\/elementor\/thumbs\/Logo_44-ot8ebrtj45ajz6bt7nvxxmjtmuptc39st1ye2ex2bk.png\" alt=\"Logo_44\" \/><\/figure><\/div><div class=\"swiper-slide\"><figure class=\"swiper-slide-inner\"><img class=\"swiper-slide-image\" src=\"https:\/\/geofocus-expert.fr\/wp-content\/uploads\/elementor\/thumbs\/Logo_Bretagne-JPEG-scaled-ot8ecucwwcrb76rtymjn9utpznfv3oismcpaqrbx8g.jpg\" alt=\"Logo_Bretagne-JPEG\" \/><\/figure><\/div><div class=\"swiper-slide\"><figure class=\"swiper-slide-inner\"><img class=\"swiper-slide-image\" src=\"https:\/\/geofocus-expert.fr\/wp-content\/uploads\/elementor\/thumbs\/Logo-EC-Morbihan-ot8efotblankcon0cctzbmyyqneveotjcft81x40e8.png\" alt=\"Logo-EC-Morbihan\" \/><\/figure><\/div><div class=\"swiper-slide\"><figure class=\"swiper-slide-inner\"><img class=\"swiper-slide-image\" src=\"https:\/\/geofocus-expert.fr\/wp-content\/uploads\/elementor\/thumbs\/Logo-EC-Vendee-ot8efugcqavaacetff9qqljqayn2ovfxd7q4xkvncw.png\" alt=\"Logo-EC-Vendee\" \/><\/figure><\/div><div class=\"swiper-slide\"><figure class=\"swiper-slide-inner\"><img class=\"swiper-slide-image\" src=\"https:\/\/geofocus-expert.fr\/wp-content\/uploads\/elementor\/thumbs\/Oc\u00e9wood-ot8efugcqavaacetff9qqljqayn2ovfxd7q4xkvncw.png\" alt=\"Oc\u00e9wood\" \/><\/figure><\/div><div class=\"swiper-slide\"><figure class=\"swiper-slide-inner\"><img class=\"swiper-slide-image\" src=\"https:\/\/geofocus-expert.fr\/wp-content\/uploads\/elementor\/thumbs\/PENTALOGY-ot8ejaj1sfl4uvelawwhvq8kptniwx4hu9u8a3rojk.png\" alt=\"PENTALOGY\" \/><\/figure><\/div><div class=\"swiper-slide\"><figure class=\"swiper-slide-inner\"><img class=\"swiper-slide-image\" src=\"https:\/\/geofocus-expert.fr\/wp-content\/uploads\/elementor\/thumbs\/UniLaSalle-ot8efx9vasz596apyyhmg2u43496byr4dloldergu8.png\" alt=\"UniLaSalle\" \/><\/figure><\/div><div class=\"swiper-slide\"><figure class=\"swiper-slide-inner\"><img class=\"swiper-slide-image\" src=\"https:\/\/geofocus-expert.fr\/wp-content\/uploads\/elementor\/thumbs\/VITALAIRE-ot8efx9vasz596apyyhmg2u43496byr4dloldergu8.png\" alt=\"VITALAIRE\" \/><\/figure><\/div><div class=\"swiper-slide\"><figure class=\"swiper-slide-inner\"><img class=\"swiper-slide-image\" src=\"https:\/\/geofocus-expert.fr\/wp-content\/uploads\/elementor\/thumbs\/SOGETREL-ot8efwc13yxuxkc34g2zvl2nhqdt49ne1h13w4sv0g.png\" alt=\"SOGETREL\" \/><\/figure><\/div><div class=\"swiper-slide\"><figure class=\"swiper-slide-inner\"><img class=\"swiper-slide-image\" src=\"https:\/\/geofocus-expert.fr\/wp-content\/uploads\/elementor\/thumbs\/SGDF-ot8efwc13yxuxkc34g2zvl2nhqdt49ne1h13w4sv0g.png\" alt=\"SGDF\" \/><\/figure><\/div><div class=\"swiper-slide\"><figure class=\"swiper-slide-inner\"><img class=\"swiper-slide-image\" src=\"https:\/\/geofocus-expert.fr\/wp-content\/uploads\/elementor\/thumbs\/Raoul-Follereau-ot8efve6x4wklydg9xodb3b6wcifwkjnpcdmeuu96o.png\" alt=\"Raoul-Follereau\" \/><\/figure><\/div><div class=\"swiper-slide\"><figure class=\"swiper-slide-inner\"><img class=\"swiper-slide-image\" src=\"https:\/\/geofocus-expert.fr\/wp-content\/uploads\/elementor\/thumbs\/logo_ffn-ot8efmxn7mkzpgpqnc0q6ng1jvo4zam2o6i93d6sqo.png\" alt=\"logo_ffn\" \/><\/figure><\/div>\t\t\t<\/div>\n\t\t\t\t\t\t\t\t\t\t\t\t<div class=\"swiper-pagination\"><\/div>\n\t\t\t\t\t\t\t\t\t\t\t\t\t<div class=\"elementor-swiper-button elementor-swiper-button-prev\">\n\t\t\t\t\t\t<i class=\"eicon-chevron-left\" aria-hidden=\"true\"><\/i>\n\t\t\t\t\t\t<span class=\"elementor-screen-only\">Pr\u00e9c\u00e9dent<\/span>\n\t\t\t\t\t<\/div>\n\t\t\t\t\t<div class=\"elementor-swiper-button elementor-swiper-button-next\">\n\t\t\t\t\t\t<i class=\"eicon-chevron-right\" aria-hidden=\"true\"><\/i>\n\t\t\t\t\t\t<span class=\"elementor-screen-only\">Suivant<\/span>\n\t\t\t\t\t<\/div>\n\t\t\t\t\t\t\t\t\t<\/div>\n\t\t\t\t<\/div>\n\t\t\t\t<\/div>\n\t\t\t\t\t\t<\/div>\n\t\t\t\t\t<\/div>\n\t\t<\/div>\n\t\t\t\t\t\t\t\t<\/div>\n\t\t\t\t\t<\/div>\n\t\t<\/section>\n\t\t\t\t<section class=\"elementor-section elementor-top-section elementor-element elementor-element-bab3fcf elementor-section-boxed elementor-section-height-default elementor-section-height-default\" data-id=\"bab3fcf\" data-element_type=\"section\">\n\t\t\t\t\t\t<div class=\"elementor-container elementor-column-gap-default\">\n\t\t\t\t\t\t\t<div class=\"elementor-row\">\n\t\t\t\t\t<div class=\"elementor-column elementor-col-100 elementor-top-column elementor-element elementor-element-b341b31\" data-id=\"b341b31\" data-element_type=\"column\">\n\t\t\t<div class=\"elementor-column-wrap elementor-element-populated\">\n\t\t\t\t\t\t\t<div class=\"elementor-widget-wrap\">\n\t\t\t\t\t\t<section class=\"elementor-section elementor-inner-section elementor-element elementor-element-6101188 elementor-section-boxed elementor-section-height-default elementor-section-height-default\" data-id=\"6101188\" data-element_type=\"section\" data-settings=\"{&quot;background_background&quot;:&quot;classic&quot;}\">\n\t\t\t\t\t\t<div class=\"elementor-container elementor-column-gap-default\">\n\t\t\t\t\t\t\t<div class=\"elementor-row\">\n\t\t\t\t\t<div class=\"elementor-column elementor-col-100 elementor-inner-column elementor-element elementor-element-0dd16d2\" data-id=\"0dd16d2\" data-element_type=\"column\">\n\t\t\t<div class=\"elementor-column-wrap elementor-element-populated\">\n\t\t\t\t\t\t\t<div class=\"elementor-widget-wrap\">\n\t\t\t\t\t\t<div class=\"elementor-element elementor-element-e512088 elementor-widget elementor-widget-heading\" data-id=\"e512088\" data-element_type=\"widget\" data-widget_type=\"heading.default\">\n\t\t\t\t<div class=\"elementor-widget-container\">\n\t\t\t<h2 class=\"elementor-heading-title elementor-size-default\">T\u00e9moignages<\/h2>\t\t<\/div>\n\t\t\t\t<\/div>\n\t\t\t\t\t\t<\/div>\n\t\t\t\t\t<\/div>\n\t\t<\/div>\n\t\t\t\t\t\t\t\t<\/div>\n\t\t\t\t\t<\/div>\n\t\t<\/section>\n\t\t\t\t<div class=\"elementor-element elementor-element-6b04432 elementor-widget-divider--view-line elementor-widget elementor-widget-divider\" data-id=\"6b04432\" data-element_type=\"widget\" data-widget_type=\"divider.default\">\n\t\t\t\t<div class=\"elementor-widget-container\">\n\t\t\t\t\t<div class=\"elementor-divider\">\n\t\t\t<span class=\"elementor-divider-separator\">\n\t\t\t\t\t\t<\/span>\n\t\t<\/div>\n\t\t\t\t<\/div>\n\t\t\t\t<\/div>\n\t\t\t\t\t\t<\/div>\n\t\t\t\t\t<\/div>\n\t\t<\/div>\n\t\t\t\t\t\t\t\t<\/div>\n\t\t\t\t\t<\/div>\n\t\t<\/section>\n\t\t\t\t<section class=\"elementor-section elementor-top-section elementor-element elementor-element-a3a2a50 elementor-section-boxed elementor-section-height-default elementor-section-height-default\" data-id=\"a3a2a50\" data-element_type=\"section\">\n\t\t\t\t\t\t<div class=\"elementor-container elementor-column-gap-default\">\n\t\t\t\t\t\t\t<div class=\"elementor-row\">\n\t\t\t\t\t<div class=\"elementor-column elementor-col-100 elementor-top-column elementor-element elementor-element-36ec0ae\" data-id=\"36ec0ae\" data-element_type=\"column\">\n\t\t\t<div class=\"elementor-column-wrap elementor-element-populated\">\n\t\t\t\t\t\t\t<div class=\"elementor-widget-wrap\">\n\t\t\t\t\t\t<section class=\"elementor-section elementor-inner-section elementor-element elementor-element-13a9a7a elementor-section-boxed elementor-section-height-default elementor-section-height-default\" data-id=\"13a9a7a\" data-element_type=\"section\">\n\t\t\t\t\t\t<div class=\"elementor-container elementor-column-gap-default\">\n\t\t\t\t\t\t\t<div class=\"elementor-row\">\n\t\t\t\t\t<div class=\"elementor-column elementor-col-33 elementor-inner-column elementor-element elementor-element-13af66e\" data-id=\"13af66e\" data-element_type=\"column\" data-settings=\"{&quot;background_background&quot;:&quot;classic&quot;}\">\n\t\t\t<div class=\"elementor-column-wrap elementor-element-populated\">\n\t\t\t\t\t\t\t<div class=\"elementor-widget-wrap\">\n\t\t\t\t\t\t<div class=\"elementor-element elementor-element-fe04352 elementor-widget elementor-widget-image\" data-id=\"fe04352\" data-element_type=\"widget\" data-widget_type=\"image.default\">\n\t\t\t\t<div class=\"elementor-widget-container\">\n\t\t\t\t\t<div class=\"elementor-image\">\n\t\t\t\t\t\t\t\t\t\t<img width=\"200\" height=\"277\" src=\"https:\/\/geofocus-expert.fr\/wp-content\/uploads\/2020\/07\/SGDF.png\" class=\"elementor-animation-grow attachment-medium size-medium\" alt=\"\" loading=\"lazy\" \/>\t\t\t\t\t\t\t\t\t\t\t<\/div>\n\t\t\t\t<\/div>\n\t\t\t\t<\/div>\n\t\t\t\t<div class=\"elementor-element elementor-element-593b064 elementor-widget elementor-widget-heading\" data-id=\"593b064\" data-element_type=\"widget\" data-widget_type=\"heading.default\">\n\t\t\t\t<div class=\"elementor-widget-container\">\n\t\t\t<h3 class=\"elementor-heading-title elementor-size-default\">Scouts et Guides de France<\/h3>\t\t<\/div>\n\t\t\t\t<\/div>\n\t\t\t\t<div class=\"elementor-element elementor-element-c9f28de elementor-widget elementor-widget-text-editor\" data-id=\"c9f28de\" data-element_type=\"widget\" data-widget_type=\"text-editor.default\">\n\t\t\t\t<div class=\"elementor-widget-container\">\n\t\t\t\t\t<div class=\"elementor-text-editor elementor-clearfix\"><p style=\"text-align: center;\"><strong><span style=\"color: #ed7d31;\">ANTONY MOINE<\/span> &#8211; D\u00c9L\u00c9GU\u00c9 NATIONAL ANIMATION<\/strong>\n<strong>TERRITORIALE &amp; D\u00c9VELOPPEMENT<\/strong>\n<em>\u00ab G\u00e9ofocus nous accompagne depuis 3 ans dans <\/em>\n<em>notre d\u00e9marche de <strong><span style=\"color: #ed7d31;\">ciblage<\/span> <\/strong>et de <strong><span style=\"color: #ed7d31;\">d\u00e9veloppement du <\/span><\/strong><\/em>\n<em><strong><span style=\"color: #ed7d31;\">r\u00e9seau national<\/span><\/strong>.<\/em>\n<em>Les r\u00e9sultats nous ont permis <strong><span style=\"color: #ed7d31;\">d&rsquo;objectiver les <\/span><\/strong><\/em>\n<em><strong><span style=\"color: #ed7d31;\">r\u00e9alit\u00e9s<\/span><\/strong>, tester des hypoth\u00e8ses pour<strong><span style=\"color: #ed7d31;\"> valider nos <\/span><\/strong><\/em>\n<em><strong><span style=\"color: #ed7d31;\">strat\u00e9gies<\/span><\/strong> (\u2026)<\/em>\n<em>Nous appr\u00e9cions la proximit\u00e9 client-fournisseur, leur <\/em>\n<em><strong><span style=\"color: #ed7d31;\">disponibilit\u00e9<\/span> <\/strong>et leur <strong><span style=\"color: #ed7d31;\">r\u00e9activit\u00e9<\/span><\/strong>.<\/em>\n<em>La capacit\u00e9 de G\u00e9ofocus \u00e0 comprendre notre <\/em>\n<em>contexte et \u00e0 s\u2019y adapter a \u00e9t\u00e9 tr\u00e8s b\u00e9n\u00e9fique pour <\/em>\n<em>notre organisation. \u00bb<\/em><\/p><\/div>\n\t\t\t\t<\/div>\n\t\t\t\t<\/div>\n\t\t\t\t\t\t<\/div>\n\t\t\t\t\t<\/div>\n\t\t<\/div>\n\t\t\t\t<div class=\"elementor-column elementor-col-33 elementor-inner-column elementor-element elementor-element-4fb4fa8\" data-id=\"4fb4fa8\" data-element_type=\"column\" data-settings=\"{&quot;background_background&quot;:&quot;classic&quot;}\">\n\t\t\t<div class=\"elementor-column-wrap elementor-element-populated\">\n\t\t\t\t\t\t\t<div class=\"elementor-widget-wrap\">\n\t\t\t\t\t\t<div class=\"elementor-element elementor-element-cb22f46 elementor-widget elementor-widget-image\" data-id=\"cb22f46\" data-element_type=\"widget\" data-widget_type=\"image.default\">\n\t\t\t\t<div class=\"elementor-widget-container\">\n\t\t\t\t\t<div class=\"elementor-image\">\n\t\t\t\t\t\t\t\t\t\t<img width=\"300\" height=\"112\" src=\"https:\/\/geofocus-expert.fr\/wp-content\/uploads\/2020\/07\/UniLaSalle-300x112.png\" class=\"elementor-animation-grow attachment-medium size-medium\" alt=\"\" loading=\"lazy\" srcset=\"https:\/\/geofocus-expert.fr\/wp-content\/uploads\/2020\/07\/UniLaSalle-300x112.png 300w, https:\/\/geofocus-expert.fr\/wp-content\/uploads\/2020\/07\/UniLaSalle.png 374w\" sizes=\"(max-width: 300px) 100vw, 300px\" \/>\t\t\t\t\t\t\t\t\t\t\t<\/div>\n\t\t\t\t<\/div>\n\t\t\t\t<\/div>\n\t\t\t\t<div class=\"elementor-element elementor-element-27592ac elementor-widget elementor-widget-heading\" data-id=\"27592ac\" data-element_type=\"widget\" data-widget_type=\"heading.default\">\n\t\t\t\t<div class=\"elementor-widget-container\">\n\t\t\t<h3 class=\"elementor-heading-title elementor-size-default\">Scouts et Guides de France<\/h3>\t\t<\/div>\n\t\t\t\t<\/div>\n\t\t\t\t<div class=\"elementor-element elementor-element-4b8b42f elementor-widget elementor-widget-text-editor\" data-id=\"4b8b42f\" data-element_type=\"widget\" data-widget_type=\"text-editor.default\">\n\t\t\t\t<div class=\"elementor-widget-container\">\n\t\t\t\t\t<div class=\"elementor-text-editor elementor-clearfix\"><p style=\"text-align: center;\"><span style=\"text-align: left;\"><span style=\"color: #ed7d31;\"><b>DR. FATMA FOURATI-<span style=\"color: #ed7d31;\">JAMOUSSI<\/span><\/b><\/span><\/span><strong style=\"font-size: 14px;\"> &#8211; <\/strong><b>CHERCHEUR, MARKETING ET INTELLIGENCE <\/b><b>STRAT\u00c9GIQUE <\/b><strong>TERRITORIALE &amp; D\u00c9VELOPPEMENT<\/strong>\n<em>\u00ab C\u2019est la premi\u00e8re fois que nous faisions appel \u00e0 un<\/em>\n<em>cabinet de g\u00e9omarketing et prospective pour accompagner nos \u00e9l\u00e8ves-ing\u00e9nieurs dans les cursus en G\u00e9ologie et en Alimentation &amp; Sant\u00e9. <strong><span style=\"color: #ed7d31;\">L&rsquo;intelligence \u00e9conomique<\/span><\/strong> et la <span style=\"color: #ed7d31;\"><strong>veille prospective<\/strong> <\/span>nous proposent des <span style=\"color: #ed7d31;\"><strong>outils d&rsquo;aide \u00e0 la d\u00e9cision strat\u00e9gique<\/strong><\/span> ;<\/em>\n<em>G\u00e9ofocus, s\u2019est montr\u00e9e tr\u00e8s professionnel <\/em>\n<em>et nous a apport\u00e9 les outils et \u00e9clairages adapt\u00e9es,<\/em>\n<em>tant sur le plan des conseils, de l&rsquo;accompagnement que sur le plan cr\u00e9atif !<\/em>\n<em>Tout au long du projet, l\u2019\u00e9quipe p\u00e9dagogique et les<\/em>\n<em>\u00e9l\u00e8ves se sont montr\u00e9s tr\u00e8s satisfaits <\/em>\n<em>de la prestation de G\u00e9ofocus gr\u00e2ce \u00e0 son <strong><span style=\"color: #ed7d31;\">\u00e9coute<\/span><\/strong>, \u00e0<\/em>\n<em>ses <strong><span style=\"color: #ed7d31;\">conseils<\/span><\/strong>, et \u00e0 sa <strong><span style=\"color: #ed7d31;\">rigueur<\/span> <\/strong>dans <\/em>\n<em>l&rsquo;accompagnement et l&rsquo;\u00e9valuation des travaux de<\/em>\n<em><strong><span style=\"color: #ed7d31;\">veille prospective<\/span><\/strong> des \u00e9tudiants &#8230; \u00bb<\/em><\/p><\/div>\n\t\t\t\t<\/div>\n\t\t\t\t<\/div>\n\t\t\t\t\t\t<\/div>\n\t\t\t\t\t<\/div>\n\t\t<\/div>\n\t\t\t\t<div class=\"elementor-column elementor-col-33 elementor-inner-column elementor-element elementor-element-80768dd\" data-id=\"80768dd\" data-element_type=\"column\" data-settings=\"{&quot;background_background&quot;:&quot;classic&quot;}\">\n\t\t\t<div class=\"elementor-column-wrap elementor-element-populated\">\n\t\t\t\t\t\t\t<div class=\"elementor-widget-wrap\">\n\t\t\t\t\t\t<div class=\"elementor-element elementor-element-86a14b2 elementor-widget elementor-widget-image\" data-id=\"86a14b2\" data-element_type=\"widget\" data-widget_type=\"image.default\">\n\t\t\t\t<div class=\"elementor-widget-container\">\n\t\t\t\t\t<div class=\"elementor-image\">\n\t\t\t\t\t\t\t\t\t\t<img width=\"300\" height=\"204\" src=\"https:\/\/geofocus-expert.fr\/wp-content\/uploads\/2020\/07\/Logo-EC-Morbihan-300x204.png\" class=\"elementor-animation-grow attachment-medium size-medium\" alt=\"\" loading=\"lazy\" srcset=\"https:\/\/geofocus-expert.fr\/wp-content\/uploads\/2020\/07\/Logo-EC-Morbihan-300x204.png 300w, https:\/\/geofocus-expert.fr\/wp-content\/uploads\/2020\/07\/Logo-EC-Morbihan-1024x695.png 1024w, https:\/\/geofocus-expert.fr\/wp-content\/uploads\/2020\/07\/Logo-EC-Morbihan-768x521.png 768w, https:\/\/geofocus-expert.fr\/wp-content\/uploads\/2020\/07\/Logo-EC-Morbihan-640x434.png 640w, https:\/\/geofocus-expert.fr\/wp-content\/uploads\/2020\/07\/Logo-EC-Morbihan-737x500.png 737w, https:\/\/geofocus-expert.fr\/wp-content\/uploads\/2020\/07\/Logo-EC-Morbihan-600x407.png 600w, https:\/\/geofocus-expert.fr\/wp-content\/uploads\/2020\/07\/Logo-EC-Morbihan.png 1200w\" sizes=\"(max-width: 300px) 100vw, 300px\" \/>\t\t\t\t\t\t\t\t\t\t\t<\/div>\n\t\t\t\t<\/div>\n\t\t\t\t<\/div>\n\t\t\t\t<div class=\"elementor-element elementor-element-b06613b elementor-widget elementor-widget-heading\" data-id=\"b06613b\" data-element_type=\"widget\" data-widget_type=\"heading.default\">\n\t\t\t\t<div class=\"elementor-widget-container\">\n\t\t\t<h3 class=\"elementor-heading-title elementor-size-default\">Scouts et Guides de France<\/h3>\t\t<\/div>\n\t\t\t\t<\/div>\n\t\t\t\t<div class=\"elementor-element elementor-element-7cfa150 elementor-widget elementor-widget-text-editor\" data-id=\"7cfa150\" data-element_type=\"widget\" data-widget_type=\"text-editor.default\">\n\t\t\t\t<div class=\"elementor-widget-container\">\n\t\t\t\t\t<div class=\"elementor-text-editor elementor-clearfix\"><p style=\"text-align: center;\"><strong><span style=\"color: #ed7d31;\">ST\u00c9PHANE GOURAUD <\/span>&#8211; DIRECTEUR DIOC\u00c9SAIN POUR L&rsquo;ENSEIGNEMENT CATHOLIQUE DU MORBIHAN<\/strong>\n<em style=\"font-size: 14px; font-weight: 400;\">\u00ab <\/em><em>Gr\u00e2ce \u00e0 une <strong><span style=\"color: #ed7d31;\">\u00e9coute attentive<\/span><\/strong> et <strong><span style=\"color: #ed7d31;\">intelligente<\/span><\/strong>, le consultant nous a aid\u00e9 \u00e0 d\u00e9terminer les points concrets de l&rsquo;\u00e9tude que nous voulions lancer (\u2026)<\/em>\n<em>Les documents produits sont aujourd&rsquo;hui utilis\u00e9s par<\/em>\n<em>tous les chefs d&rsquo;\u00e9tablissement. Ils <strong><span style=\"color: #ed7d31;\">\u00e9voluent en fonction des attentes<\/span><\/strong> exprim\u00e9es et sont <strong><span style=\"color: #ed7d31;\">remis \u00e0 jour r\u00e9guli\u00e8rement<\/span><\/strong>. \u00bb<\/em><\/p><\/div>\n\t\t\t\t<\/div>\n\t\t\t\t<\/div>\n\t\t\t\t\t\t<\/div>\n\t\t\t\t\t<\/div>\n\t\t<\/div>\n\t\t\t\t\t\t\t\t<\/div>\n\t\t\t\t\t<\/div>\n\t\t<\/section>\n\t\t\t\t\t\t<\/div>\n\t\t\t\t\t<\/div>\n\t\t<\/div>\n\t\t\t\t\t\t\t\t<\/div>\n\t\t\t\t\t<\/div>\n\t\t<\/section>\n\t\t\t\t\t\t<\/div>\n\t\t\t\t\t\t<\/div>\n\t\t\t\t\t<\/div>\n\t\t","protected":false},"excerpt":{"rendered":"<p>Ils nous font confiance Pr\u00e9c\u00e9dent Suivant T\u00e9moignages Scouts et Guides de France ANTONY MOINE &#8211; D\u00c9L\u00c9GU\u00c9 NATIONAL ANIMATION TERRITORIALE &amp; D\u00c9VELOPPEMENT \u00ab G\u00e9ofocus nous accompagne depuis 3 ans dans notre d\u00e9marche de ciblage et de d\u00e9veloppement du r\u00e9seau national. Les r\u00e9sultats nous ont permis d&rsquo;objectiver les r\u00e9alit\u00e9s, tester des hypoth\u00e8ses pour valider nos strat\u00e9gies (\u2026) &hellip;<\/p>\n<p class=\"read-more\"> <a class=\"\" href=\"https:\/\/geofocus-expert.fr\/index.php\/ils-nous-font-confiance\/\"> <span class=\"screen-reader-text\">Ils nous font confiance<\/span> Lire la suite\u00a0\u00bb<\/a><\/p>\n","protected":false},"author":1,"featured_media":0,"parent":0,"menu_order":0,"comment_status":"closed","ping_status":"closed","template":"","meta":[],"_links":{"self":[{"href":"https:\/\/geofocus-expert.fr\/index.php\/wp-json\/wp\/v2\/pages\/118"}],"collection":[{"href":"https:\/\/geofocus-expert.fr\/index.php\/wp-json\/wp\/v2\/pages"}],"about":[{"href":"https:\/\/geofocus-expert.fr\/index.php\/wp-json\/wp\/v2\/types\/page"}],"author":[{"embeddable":true,"href":"https:\/\/geofocus-expert.fr\/index.php\/wp-json\/wp\/v2\/users\/1"}],"replies":[{"embeddable":true,"href":"https:\/\/geofocus-expert.fr\/index.php\/wp-json\/wp\/v2\/comments?post=118"}],"version-history":[{"count":3,"href":"https:\/\/geofocus-expert.fr\/index.php\/wp-json\/wp\/v2\/pages\/118\/revisions"}],"predecessor-version":[{"id":122,"href":"https:\/\/geofocus-expert.fr\/index.php\/wp-json\/wp\/v2\/pages\/118\/revisions\/122"}],"wp:attachment":[{"href":"https:\/\/geofocus-expert.fr\/index.php\/wp-json\/wp\/v2\/media?parent=118"}],"curies":[{"name":"wp","href":"https:\/\/api.w.org\/{rel}","templated":true}]}}